{"id":8,"date":"2010-11-25T23:02:09","date_gmt":"2010-11-25T23:02:09","guid":{"rendered":"http:\/\/www.polonis.pl\/"},"modified":"2012-07-24T18:10:07","modified_gmt":"2012-07-24T18:10:07","slug":"o-firmie","status":"publish","type":"page","link":"https:\/\/www.polonis.pl\/de\/o-firmie","title":{"rendered":"O firmie"},"content":{"rendered":"<p><\/p>\n<p><img loading=\"lazy\" decoding=\"async\" class=\"alignright size-full wp-image-83\" title=\"PolonisOknaDrewnianeOFirmie\" src=\"http:\/\/www.polonis.pl\/wp-content\/uploads\/2010\/11\/PolonisOknaDrewnianeOFirmie.jpg\" alt=\"\" width=\"218\" height=\"359\" \/>Zajmujemy si\u0119 produkcj\u0105 okien i drzwi drewnianych. Specjalizujemy si\u0119 w produkcji okien nietypowych przeznaczonych do obiekt\u00f3w historycznych i zabytkowych, najcz\u0119\u015bciej b\u0119d\u0105cych pod opiek\u0119 konserwatora zabytk\u00f3w.<\/p>\n<p>W stolarce takiej odwzorowujemy podzia\u0142y, funkcje, profile oraz elementy ozdobne. Produkujemy okna na podstawie gotowych projekt\u00f3w &#8211; tak\u017ce konstrukcje bardzo nietypowe.<\/p>\n<p>Wykonujemy projekt stolarki nowej &#8211; zabytkowej, oraz projekt &#8211; inwentaryzacj\u0119 stanu istniej\u0105cego \u015bci\u015ble wsp\u00f3\u0142pracuj\u0105c z Urz\u0119dem Wojew\u00f3dzkiego Konserwatora Zabytk\u00f3w.<\/p>\n<p>Okna naszej produkcji charakteryzuj\u0119 si\u0119:<\/p>\n<ul>\n<li>oryginalnym wygl\u0105dem,<\/li>\n<li>ozdobnymi profilami,<\/li>\n<li>niestandardowymi listwami przyszybowymi oraz szprosami,<\/li>\n<li>kszta\u0142towymi listwami przymykowymi i \u015blemionami,<\/li>\n<li>maskownicami okapnik\u00f3w,<\/li>\n<li>r\u0119cznie rze\u017abionymi g\u0142owiczkami, kolumienkami,<\/li>\n<li>indywidualnymi elementami dekoracyjnymi.<\/li>\n<\/ul>\n<p>Dzi\u0119ki nowoczesnej konstrukcji w po\u0142\u0105czeniu z historycznym wygl\u0105dem u\u017cytkownik zyskuje komfort u\u017cytkowania, a obiekt utrzymuje sw\u00f3j zabytkowy charakter.<\/p>\n<p><img loading=\"lazy\" decoding=\"async\" class=\"aligncenter size-thumbnail wp-image-378\" title=\"goldwasser+\u017curaw\" src=\"http:\/\/www.polonis.pl\/wp-content\/uploads\/2010\/11\/goldwasser+\u017curaw1-450x332.jpg\" alt=\"\" width=\"450\" height=\"332\" srcset=\"https:\/\/www.polonis.pl\/wp-content\/uploads\/2010\/11\/goldwasser+\u017curaw1-450x332.jpg 450w, https:\/\/www.polonis.pl\/wp-content\/uploads\/2010\/11\/goldwasser+\u017curaw1-103x76.jpg 103w\" sizes=\"auto, (max-width: 450px) 100vw, 450px\" \/><\/p>\n<p><\/p>","protected":false},"excerpt":{"rendered":"<p>Zajmujemy si\u0119 produkcj\u0105 okien i drzwi drewnianych. Specjalizujemy si\u0119 w produkcji okien nietypowych przeznaczonych do obiekt\u00f3w historycznych i zabytkowych, najcz\u0119\u015bciej b\u0119d\u0105cych pod opiek\u0119 konserwatora zabytk\u00f3w. W stolarce takiej odwzorowujemy podzia\u0142y, funkcje, profile oraz elementy ozdobne. Produkujemy okna na podstawie gotowych &hellip; <a href=\"https:\/\/www.polonis.pl\/de\/o-firmie\">Continue reading <span class=\"meta-nav\">&rarr;<\/span><\/a><\/p>\n","protected":false},"author":1,"featured_media":0,"parent":0,"menu_order":1,"comment_status":"open","ping_status":"closed","template":"","meta":{"footnotes":""},"class_list":["post-8","page","type-page","status-publish","hentry"],"aioseo_notices":[],"_links":{"self":[{"href":"https:\/\/www.polonis.pl\/de\/wp-json\/wp\/v2\/pages\/8","targetHints":{"allow":["GET"]}}],"collection":[{"href":"https:\/\/www.polonis.pl\/de\/wp-json\/wp\/v2\/pages"}],"about":[{"href":"https:\/\/www.polonis.pl\/de\/wp-json\/wp\/v2\/types\/page"}],"author":[{"embeddable":true,"href":"https:\/\/www.polonis.pl\/de\/wp-json\/wp\/v2\/users\/1"}],"replies":[{"embeddable":true,"href":"https:\/\/www.polonis.pl\/de\/wp-json\/wp\/v2\/comments?post=8"}],"version-history":[{"count":13,"href":"https:\/\/www.polonis.pl\/de\/wp-json\/wp\/v2\/pages\/8\/revisions"}],"predecessor-version":[{"id":714,"href":"https:\/\/www.polonis.pl\/de\/wp-json\/wp\/v2\/pages\/8\/revisions\/714"}],"wp:attachment":[{"href":"https:\/\/www.polonis.pl\/de\/wp-json\/wp\/v2\/media?parent=8"}],"curies":[{"name":"wp","href":"https:\/\/api.w.org\/{rel}","templated":true}]}}