{"id":2,"date":"2010-11-20T22:18:04","date_gmt":"2010-11-20T22:18:04","guid":{"rendered":"http:\/\/www.polonis.pl\/?page_id=2"},"modified":"2012-07-24T18:53:56","modified_gmt":"2012-07-24T18:53:56","slug":"informacje","status":"publish","type":"page","link":"https:\/\/www.polonis.pl\/de\/","title":{"rendered":"Die Firma &#8220; Polonis Holzfenster&#8220; wurde 1989 gegr\u00fcndet"},"content":{"rendered":"<p><\/p>\n<p><img loading=\"lazy\" decoding=\"async\" class=\"alignright size-full wp-image-6\" title=\"DlugiTarg\" src=\"http:\/\/www.polonis.pl\/wp-content\/uploads\/2010\/11\/DlugiTarg.jpg\" alt=\"Okna drewniane - w 2005 roku dokonali\u015bmy rekonstrukcji okien drewnianych w zabytkowym budynku Sieni Gda\u0144skiej, przy D\u0142ugim Targu.\" width=\"404\" height=\"350\" srcset=\"https:\/\/www.polonis.pl\/wp-content\/uploads\/2010\/11\/DlugiTarg.jpg 404w, https:\/\/www.polonis.pl\/wp-content\/uploads\/2010\/11\/DlugiTarg-115x100.jpg 115w\" sizes=\"auto, (max-width: 404px) 100vw, 404px\" \/>Vom Beginn unserer T\u00e4tigkeit bauen wir Holzfenster und Holzt\u00fcren, wobei wir in die Produktion verschiedene Konstruktionstypen einf\u00fchren .<\/p>\n<p>Die st\u00e4ndige Weiterentwicklung der Firma wird von unseren anspruchsvollen Kunden gef\u00f6rdert. Dank der qualifizierten Handwerker und der neusten Werkzeugmaschinen sind wir in der Lage alle Fenstertypen herzustellen.<\/p>\n<p>Das Hauptziel unserer T\u00e4tigkeit ist die Gew\u00e4hrleistung der hohen Standards f\u00fcr die hergestellten Waren, sodass wir der Kundenerwartungen, was die Qualit\u00e4t und die Zuverl\u00e4ssigkeit betrifft, gerecht werden.<\/p>\n<p><strong>Als Anerkennung f\u00fcr die meisterhafte Qualit\u00e4t unserer Holzfenster<br \/>und Holzbalkont\u00fcr haben wir die technische Billigung Nr. AT-98766 bekommen.<\/strong><\/p>\n<p><\/p>","protected":false},"excerpt":{"rendered":"<p>Okna drewniane, drzwi zewn\u0119trzne i wewn\u0119trzne z litego drewna. Pod\u0142ogi, zabudowy, ogrody zimowe oraz inne elementy stolarki budowlanej. <a href=\"https:\/\/www.polonis.pl\/de\/\">Continue reading <span class=\"meta-nav\">&rarr;<\/span><\/a><\/p>\n","protected":false},"author":1,"featured_media":0,"parent":0,"menu_order":0,"comment_status":"open","ping_status":"open","template":"","meta":{"footnotes":""},"class_list":["post-2","page","type-page","status-publish","hentry"],"aioseo_notices":[],"_links":{"self":[{"href":"https:\/\/www.polonis.pl\/de\/wp-json\/wp\/v2\/pages\/2","targetHints":{"allow":["GET"]}}],"collection":[{"href":"https:\/\/www.polonis.pl\/de\/wp-json\/wp\/v2\/pages"}],"about":[{"href":"https:\/\/www.polonis.pl\/de\/wp-json\/wp\/v2\/types\/page"}],"author":[{"embeddable":true,"href":"https:\/\/www.polonis.pl\/de\/wp-json\/wp\/v2\/users\/1"}],"replies":[{"embeddable":true,"href":"https:\/\/www.polonis.pl\/de\/wp-json\/wp\/v2\/comments?post=2"}],"version-history":[{"count":21,"href":"https:\/\/www.polonis.pl\/de\/wp-json\/wp\/v2\/pages\/2\/revisions"}],"predecessor-version":[{"id":740,"href":"https:\/\/www.polonis.pl\/de\/wp-json\/wp\/v2\/pages\/2\/revisions\/740"}],"wp:attachment":[{"href":"https:\/\/www.polonis.pl\/de\/wp-json\/wp\/v2\/media?parent=2"}],"curies":[{"name":"wp","href":"https:\/\/api.w.org\/{rel}","templated":true}]}}